{"id":8,"date":"2021-03-16T19:41:58","date_gmt":"2021-03-16T18:41:58","guid":{"rendered":"https:\/\/lepermapotager.com\/?page_id=8"},"modified":"2024-05-09T06:18:33","modified_gmt":"2024-05-09T04:18:33","slug":"blog","status":"publish","type":"page","link":"https:\/\/lepermapotager.com\/index.php\/blog\/","title":{"rendered":"Le Permapotager"},"content":{"rendered":"\n<figure class=\"wp-block-image size-large\"><img loading=\"lazy\" decoding=\"async\" width=\"1024\" height=\"768\" src=\"https:\/\/lepermapotager.com\/wp-content\/uploads\/2022\/05\/IMG_0086-1024x768.jpg\" alt=\"\" class=\"wp-image-134\" srcset=\"https:\/\/lepermapotager.com\/wp-content\/uploads\/2022\/05\/IMG_0086-1024x768.jpg 1024w, https:\/\/lepermapotager.com\/wp-content\/uploads\/2022\/05\/IMG_0086-300x225.jpg 300w, https:\/\/lepermapotager.com\/wp-content\/uploads\/2022\/05\/IMG_0086-768x576.jpg 768w, https:\/\/lepermapotager.com\/wp-content\/uploads\/2022\/05\/IMG_0086-1536x1152.jpg 1536w, https:\/\/lepermapotager.com\/wp-content\/uploads\/2022\/05\/IMG_0086-2048x1536.jpg 2048w, https:\/\/lepermapotager.com\/wp-content\/uploads\/2022\/05\/IMG_0086-1568x1176.jpg 1568w\" sizes=\"auto, (max-width: 1024px) 100vw, 1024px\" \/><\/figure>\n\n\n\n<p class=\"has-text-align-left\"><\/p>\n\n\n\n<p>Le permapotager est un grand potager permacole certifi\u00e9e bio en plein coeur de ST Paul-l\u00e8s-Dax (40990). Nous jardinons dans le respect de la nature selon les principes de la permaculture depuis plus de 20 ans.<br><br>Notre point fort est la production artisanale de cosm\u00e9tiques bio \u00e0 base de plantes cultiv\u00e9es dans notre jardin permacole qui portent la mention Nature et Progr\u00e8s avec un cahier de charge stricte qui prot\u00e8ge l&rsquo;environement.<\/p>\n\n\n\n<p>Nous produisons des fruits de saison comme framboises, figues, pommes et n\u00e8fles du Japon, un ensemble de l\u00e9gumes et plantes saisonni\u00e8res.<\/p>\n\n\n\n<p>Nous nous sp\u00e9cialisons dans les aromates et nous transformons certains de nos produits pour fabriquer des confitures, tisanes, vinaigres aromatis\u00e9es et sirops. <\/p>\n\n\n\n<p>Nos stages en permaculture th\u00e9orique-et-pratique ont beaucoup de succ\u00e8s et c&rsquo;est avec joie que nous partageons nos connaissances en jardinage et prenons beaucoup de plaisir \u00e0 encourager tout le monde \u00e0 planter selon les capacit\u00e9s, conditions et envies de chacun.<br>Notre maison typiquement landaise a deux chambres consacr\u00e9es \u00e0 l&rsquo;h\u00e9bergement des p\u00e9lerins sur le chemin de Compostelle (voie de Tours) ou toute personne de passage dans la r\u00e9gion.<\/p>\n\n\n\n<p><\/p>\n\n\n\n<figure class=\"wp-block-image size-large\"><img loading=\"lazy\" decoding=\"async\" width=\"768\" height=\"1024\" src=\"https:\/\/lepermapotager.com\/wp-content\/uploads\/2022\/10\/panier-septembre-2022-768x1024.jpg\" alt=\"\" class=\"wp-image-417\" srcset=\"https:\/\/lepermapotager.com\/wp-content\/uploads\/2022\/10\/panier-septembre-2022-768x1024.jpg 768w, https:\/\/lepermapotager.com\/wp-content\/uploads\/2022\/10\/panier-septembre-2022-225x300.jpg 225w, https:\/\/lepermapotager.com\/wp-content\/uploads\/2022\/10\/panier-septembre-2022-1152x1536.jpg 1152w, https:\/\/lepermapotager.com\/wp-content\/uploads\/2022\/10\/panier-septembre-2022-1536x2048.jpg 1536w, https:\/\/lepermapotager.com\/wp-content\/uploads\/2022\/10\/panier-septembre-2022-scaled.jpg 1920w\" sizes=\"auto, (max-width: 768px) 100vw, 768px\" \/><figcaption class=\"wp-element-caption\">Panier vente directe avec nos produits septembre 2022: patates, oignons blancs, betteraves, tomates, piments doux des landes, poivrons, aubergines, courgettes italiennes d&rsquo;Albenga, potimarron, butternut, framboises, figues, physalis, oeufs, sauce tomate.<\/figcaption><\/figure>\n\n\n\n<p><\/p>\n\n\n\n<div class=\"wp-block-media-text alignfull is-stacked-on-mobile\" style=\"grid-template-columns:70% auto\"><figure class=\"wp-block-media-text__media\"><img loading=\"lazy\" decoding=\"async\" width=\"800\" height=\"400\" src=\"https:\/\/lepermapotager.com\/wp-content\/uploads\/2023\/03\/logo-NP-2.jpeg\" alt=\"\" class=\"wp-image-738 size-full\" srcset=\"https:\/\/lepermapotager.com\/wp-content\/uploads\/2023\/03\/logo-NP-2.jpeg 800w, https:\/\/lepermapotager.com\/wp-content\/uploads\/2023\/03\/logo-NP-2-300x150.jpeg 300w, https:\/\/lepermapotager.com\/wp-content\/uploads\/2023\/03\/logo-NP-2-768x384.jpeg 768w, https:\/\/lepermapotager.com\/wp-content\/uploads\/2023\/03\/logo-NP-2-120x60.jpeg 120w\" sizes=\"auto, (max-width: 800px) 100vw, 800px\" \/><\/figure><div class=\"wp-block-media-text__content\">\n<p><\/p>\n\n\n\n<figure class=\"wp-block-image size-large\"><img loading=\"lazy\" decoding=\"async\" width=\"1024\" height=\"1024\" src=\"https:\/\/lepermapotager.com\/wp-content\/uploads\/2023\/02\/Logo-AB-1024x1024.jpeg\" alt=\"\" class=\"wp-image-615\" srcset=\"https:\/\/lepermapotager.com\/wp-content\/uploads\/2023\/02\/Logo-AB-1024x1024.jpeg 1024w, https:\/\/lepermapotager.com\/wp-content\/uploads\/2023\/02\/Logo-AB-300x300.jpeg 300w, https:\/\/lepermapotager.com\/wp-content\/uploads\/2023\/02\/Logo-AB-150x150.jpeg 150w, https:\/\/lepermapotager.com\/wp-content\/uploads\/2023\/02\/Logo-AB-768x768.jpeg 768w, https:\/\/lepermapotager.com\/wp-content\/uploads\/2023\/02\/Logo-AB-1536x1536.jpeg 1536w, https:\/\/lepermapotager.com\/wp-content\/uploads\/2023\/02\/Logo-AB-60x60.jpeg 60w, https:\/\/lepermapotager.com\/wp-content\/uploads\/2023\/02\/Logo-AB.jpeg 1548w\" sizes=\"auto, (max-width: 1024px) 100vw, 1024px\" \/><\/figure>\n<\/div><\/div>\n","protected":false},"excerpt":{"rendered":"<p>Le permapotager est un grand potager permacole certifi\u00e9e bio en plein coeur de ST Paul-l\u00e8s-Dax (40990). Nous jardinons dans le respect de la nature selon &hellip; <\/p>\n","protected":false},"author":1,"featured_media":0,"parent":0,"menu_order":0,"comment_status":"closed","ping_status":"closed","template":"","meta":{"footnotes":""},"class_list":["post-8","page","type-page","status-publish","hentry"],"_links":{"self":[{"href":"https:\/\/lepermapotager.com\/index.php\/wp-json\/wp\/v2\/pages\/8","targetHints":{"allow":["GET"]}}],"collection":[{"href":"https:\/\/lepermapotager.com\/index.php\/wp-json\/wp\/v2\/pages"}],"about":[{"href":"https:\/\/lepermapotager.com\/index.php\/wp-json\/wp\/v2\/types\/page"}],"author":[{"embeddable":true,"href":"https:\/\/lepermapotager.com\/index.php\/wp-json\/wp\/v2\/users\/1"}],"replies":[{"embeddable":true,"href":"https:\/\/lepermapotager.com\/index.php\/wp-json\/wp\/v2\/comments?post=8"}],"version-history":[{"count":26,"href":"https:\/\/lepermapotager.com\/index.php\/wp-json\/wp\/v2\/pages\/8\/revisions"}],"predecessor-version":[{"id":843,"href":"https:\/\/lepermapotager.com\/index.php\/wp-json\/wp\/v2\/pages\/8\/revisions\/843"}],"wp:attachment":[{"href":"https:\/\/lepermapotager.com\/index.php\/wp-json\/wp\/v2\/media?parent=8"}],"curies":[{"name":"wp","href":"https:\/\/api.w.org\/{rel}","templated":true}]}}