{"id":725,"date":"2023-03-18T00:09:05","date_gmt":"2023-03-17T23:09:05","guid":{"rendered":"https:\/\/lepermapotager.com\/?page_id=725"},"modified":"2024-03-19T20:44:48","modified_gmt":"2024-03-19T19:44:48","slug":"nos-produits","status":"publish","type":"page","link":"https:\/\/lepermapotager.com\/index.php\/nos-produits\/","title":{"rendered":"Nos produits"},"content":{"rendered":"\n<p>Baumes et huiles de massage \u00e0 la consoude. Tisanes \u00e9labor\u00e9es avec les plantes du jardin.<\/p>\n\n\n\n<p><\/p>\n\n\n\n<div class=\"wp-block-media-text is-stacked-on-mobile is-style-default\" style=\"grid-template-columns:52% auto\"><figure class=\"wp-block-media-text__media\"><img loading=\"lazy\" decoding=\"async\" width=\"2560\" height=\"1920\" src=\"https:\/\/lepermapotager.com\/wp-content\/uploads\/2023\/08\/IMG_20230203_154100-edited-scaled.jpg\" alt=\"\" class=\"wp-image-797 size-full\" srcset=\"https:\/\/lepermapotager.com\/wp-content\/uploads\/2023\/08\/IMG_20230203_154100-edited-scaled.jpg 2560w, https:\/\/lepermapotager.com\/wp-content\/uploads\/2023\/08\/IMG_20230203_154100-edited-300x225.jpg 300w, https:\/\/lepermapotager.com\/wp-content\/uploads\/2023\/08\/IMG_20230203_154100-edited-1024x768.jpg 1024w, https:\/\/lepermapotager.com\/wp-content\/uploads\/2023\/08\/IMG_20230203_154100-edited-768x576.jpg 768w, https:\/\/lepermapotager.com\/wp-content\/uploads\/2023\/08\/IMG_20230203_154100-edited-1536x1152.jpg 1536w, https:\/\/lepermapotager.com\/wp-content\/uploads\/2023\/08\/IMG_20230203_154100-edited-2048x1536.jpg 2048w, https:\/\/lepermapotager.com\/wp-content\/uploads\/2023\/08\/IMG_20230203_154100-edited-80x60.jpg 80w\" sizes=\"auto, (max-width: 2560px) 100vw, 2560px\" \/><\/figure><div class=\"wp-block-media-text__content\">\n<p>Notre baume bio \u00e0 la consoude, calendula et millepertuis et l&rsquo;huile de massage \u00e0 la consoude.<\/p>\n\n\n\n<p>Le baume est fait avec la cire de nos abeilles; mention Nature &amp; Progr\u00e8s<\/p>\n\n\n<div class=\"wp-block-image\">\n<figure class=\"aligncenter size-full is-resized\"><img loading=\"lazy\" decoding=\"async\" width=\"800\" height=\"400\" src=\"https:\/\/lepermapotager.com\/wp-content\/uploads\/2023\/03\/logo-NP-2.jpeg\" alt=\"\" class=\"wp-image-738\" style=\"width:224px;height:112px\" srcset=\"https:\/\/lepermapotager.com\/wp-content\/uploads\/2023\/03\/logo-NP-2.jpeg 800w, https:\/\/lepermapotager.com\/wp-content\/uploads\/2023\/03\/logo-NP-2-300x150.jpeg 300w, https:\/\/lepermapotager.com\/wp-content\/uploads\/2023\/03\/logo-NP-2-768x384.jpeg 768w, https:\/\/lepermapotager.com\/wp-content\/uploads\/2023\/03\/logo-NP-2-120x60.jpeg 120w\" sizes=\"auto, (max-width: 800px) 100vw, 800px\" \/><\/figure>\n<\/div><\/div><\/div>\n\n\n\n<div style=\"height:100px\" aria-hidden=\"true\" class=\"wp-block-spacer\"><\/div>\n\n\n\n<div class=\"wp-block-media-text is-stacked-on-mobile\"><figure class=\"wp-block-media-text__media\"><img decoding=\"async\" src=\"https:\/\/lepermapotager.com\/wp-content\/uploads\/2023\/08\/Dans-les-bras-de-Morphee-3-768x1024.jpg\" alt=\"\" class=\"wp-image-794 size-full\"\/><\/figure><div class=\"wp-block-media-text__content\">\n<p><em>Dans Les Bras de Morph\u00e9e<\/em><\/p>\n\n\n\n<p>Tisane Bio apaisante, relaxante, et b\u00e9n\u00e9fique au sommeil.<\/p>\n\n\n\n<p>Passiflore, verveine citronn\u00e9e, tilleul, m\u00e9lisse, p\u00e9tales d&rsquo;eschscholtzia et de roses, fleurs de camomille et de lavande.<\/p>\n\n\n\n<p>100% des plantes sont certifi\u00e9es Bio ainsi que cultiv\u00e9es, r\u00e9colt\u00e9es et s\u00e9ch\u00e9es artisanalement sur site. <\/p>\n<\/div><\/div>\n\n\n\n<div style=\"height:100px\" aria-hidden=\"true\" class=\"wp-block-spacer\"><\/div>\n\n\n\n<div class=\"wp-block-media-text is-stacked-on-mobile\"><figure class=\"wp-block-media-text__media\"><img decoding=\"async\" src=\"https:\/\/lepermapotager.com\/wp-content\/uploads\/2023\/08\/IMG_20230820_202002-Femina-768x1024.jpg\" alt=\"\" class=\"wp-image-776 size-full\"\/><\/figure><div class=\"wp-block-media-text__content\">\n<p><em>FEMINA<\/em><\/p>\n\n\n\n<p>Tisane Bio pour les femmes<\/p>\n\n\n\n<p>Feuilles de framboisiers, verveine citronn\u00e9e, ortie, sauge officinale, p\u00e9tales de roses, calendulas, mauve.<\/p>\n\n\n\n<p>100% des plantes sont certifi\u00e9es bio ainsi que cultiv\u00e9es, r\u00e9colt\u00e9es et s\u00e9ch\u00e9es artisanalement sur site. <\/p>\n<\/div><\/div>\n\n\n\n<div style=\"height:100px\" aria-hidden=\"true\" class=\"wp-block-spacer\"><\/div>\n\n\n\n<p>barquette de figues de 250 g en vente sur place durant le mois d&rsquo;ao\u00fbt. <\/p>\n\n\n\n<figure class=\"wp-block-image size-large\"><img loading=\"lazy\" decoding=\"async\" width=\"1024\" height=\"768\" src=\"https:\/\/lepermapotager.com\/wp-content\/uploads\/2023\/08\/figues-1024x768.jpg\" alt=\"\" class=\"wp-image-779\" srcset=\"https:\/\/lepermapotager.com\/wp-content\/uploads\/2023\/08\/figues-1024x768.jpg 1024w, https:\/\/lepermapotager.com\/wp-content\/uploads\/2023\/08\/figues-300x225.jpg 300w, https:\/\/lepermapotager.com\/wp-content\/uploads\/2023\/08\/figues-768x576.jpg 768w, https:\/\/lepermapotager.com\/wp-content\/uploads\/2023\/08\/figues-1536x1152.jpg 1536w, https:\/\/lepermapotager.com\/wp-content\/uploads\/2023\/08\/figues-2048x1536.jpg 2048w, https:\/\/lepermapotager.com\/wp-content\/uploads\/2023\/08\/figues-80x60.jpg 80w\" sizes=\"auto, (max-width: 1024px) 100vw, 1024px\" \/><\/figure>\n\n\n\n\n\n<p><\/p>\n\n\n\n<p><\/p>\n","protected":false},"excerpt":{"rendered":"<p>Baumes et huiles de massage \u00e0 la consoude. Tisanes \u00e9labor\u00e9es avec les plantes du jardin. Dans Les Bras de Morph\u00e9e Tisane Bio apaisante, relaxante, et &hellip; <\/p>\n","protected":false},"author":1,"featured_media":0,"parent":0,"menu_order":0,"comment_status":"closed","ping_status":"closed","template":"","meta":{"footnotes":""},"class_list":["post-725","page","type-page","status-publish","hentry"],"_links":{"self":[{"href":"https:\/\/lepermapotager.com\/index.php\/wp-json\/wp\/v2\/pages\/725","targetHints":{"allow":["GET"]}}],"collection":[{"href":"https:\/\/lepermapotager.com\/index.php\/wp-json\/wp\/v2\/pages"}],"about":[{"href":"https:\/\/lepermapotager.com\/index.php\/wp-json\/wp\/v2\/types\/page"}],"author":[{"embeddable":true,"href":"https:\/\/lepermapotager.com\/index.php\/wp-json\/wp\/v2\/users\/1"}],"replies":[{"embeddable":true,"href":"https:\/\/lepermapotager.com\/index.php\/wp-json\/wp\/v2\/comments?post=725"}],"version-history":[{"count":23,"href":"https:\/\/lepermapotager.com\/index.php\/wp-json\/wp\/v2\/pages\/725\/revisions"}],"predecessor-version":[{"id":832,"href":"https:\/\/lepermapotager.com\/index.php\/wp-json\/wp\/v2\/pages\/725\/revisions\/832"}],"wp:attachment":[{"href":"https:\/\/lepermapotager.com\/index.php\/wp-json\/wp\/v2\/media?parent=725"}],"curies":[{"name":"wp","href":"https:\/\/api.w.org\/{rel}","templated":true}]}}