{"id":6,"date":"2021-03-16T19:41:58","date_gmt":"2021-03-16T18:41:58","guid":{"rendered":"https:\/\/lepermapotager.com\/?page_id=6"},"modified":"2023-06-11T17:42:59","modified_gmt":"2023-06-11T15:42:59","slug":"a-propos-de","status":"publish","type":"page","link":"https:\/\/lepermapotager.com\/index.php\/a-propos-de\/","title":{"rendered":"Qui permapotage?"},"content":{"rendered":"\n<p> Passionn\u00e9e par la Pachamama et tout ce qu&rsquo;elle nous offre avec tant de g\u00e9n\u00e9rosit\u00e9 et d&rsquo;abondance, Susana fut mara\u00eechere en Uruguay, puis dans le Tarn et Garonne, et d\u00e9sormais ici dans les Landes de Gascogne. Elle enseigne \u00e9galement les langues ( https:\/\/lavaur-langues.fr\/ ), l&rsquo;espagnol \u00e9tant sa langue maternelle, et l&rsquo;anglais et le fran\u00e7ais ses langues d&rsquo;\u00e9tudes et de travail. Thomas est \u00e9lectricien \u00e0 plein-temps et aide au potager. Il est fan des arbres et des diff\u00e9rents types de c\u00e9r\u00e9ales et gramin\u00e9es.<\/p>\n\n\n\n<p>Nous avons du plaisir a prendre soin du potager et de toutes les formes de vie qui y habitent. Nos poules nous aident avec le d\u00e9sherbage, le contr\u00f4le des limaces et elles nous offrent leurs oeufs. Les abeilles pollinisent les plantes et nous donnent du miel, du pollen et de la cire. Les insectes et les oiseaux sont nos colocataires. Noun notre chien veille \u00e0 \u00e9loigner les chats qui chassent les oiseaux et, le soir venu, rentre les poules au poulailler.<\/p>\n\n\n\n<p>Par le permapotager, nous voulons encourager tout le monde \u00e0 planter son propre potager avec des principes qui respectent au maximum toutes les formes de vie. Nos stages en jardinage, th\u00e9oriques et pratiques, sont bas\u00e9s sur les principes de la production bio et de la permaculture. Nous offrons des stages et conf\u00e9rences en jardinage sur place et ailleurs.<\/p>\n\n\n\n<p><\/p>\n\n\n\n<p>Nous faisons aussi maison d&rsquo;h\u00f4te sur le Chemin de Compostelle<\/p>\n\n\n\n<p>Bienvenidos!<\/p>\n\n\n\n<p><\/p>\n\n\n\n<figure class=\"wp-block-image size-large is-resized\"><img decoding=\"async\" src=\"https:\/\/lepermapotager.com\/wp-content\/uploads\/2022\/08\/noun-edited.jpg\" alt=\"\" class=\"wp-image-371\" width=\"578\"\/><\/figure>\n\n\n\n<p><\/p>\n\n\n\n<p>Coquette et Cl\u00e9opatre pr\u00eates \u00e0 d\u00e9sherber le potager<\/p>\n\n\n\n<figure class=\"wp-block-image size-large\"><img loading=\"lazy\" decoding=\"async\" width=\"1024\" height=\"768\" src=\"https:\/\/lepermapotager.com\/wp-content\/uploads\/2021\/03\/P10312-122556-1024x768.jpg\" alt=\"\" class=\"wp-image-37\" srcset=\"https:\/\/lepermapotager.com\/wp-content\/uploads\/2021\/03\/P10312-122556-1024x768.jpg 1024w, https:\/\/lepermapotager.com\/wp-content\/uploads\/2021\/03\/P10312-122556-300x225.jpg 300w, https:\/\/lepermapotager.com\/wp-content\/uploads\/2021\/03\/P10312-122556-768x576.jpg 768w, https:\/\/lepermapotager.com\/wp-content\/uploads\/2021\/03\/P10312-122556-1536x1152.jpg 1536w, https:\/\/lepermapotager.com\/wp-content\/uploads\/2021\/03\/P10312-122556-2048x1536.jpg 2048w, https:\/\/lepermapotager.com\/wp-content\/uploads\/2021\/03\/P10312-122556-1568x1176.jpg 1568w\" sizes=\"auto, (max-width: 1024px) 100vw, 1024px\" \/><\/figure>\n\n\n\n<p><\/p>\n\n\n\n<p>les abeilles pollinisent nos plantes, merci \u00e0 elles<\/p>\n\n\n\n<figure class=\"wp-block-image size-large\"><img decoding=\"async\" src=\"https:\/\/lepermapotager.com\/wp-content\/uploads\/2022\/07\/IMG_0125-1024x768.jpg\" alt=\"et les abeilles pollinisent\" class=\"wp-image-271\"\/><\/figure>\n","protected":false},"excerpt":{"rendered":"<p>Passionn\u00e9e par la Pachamama et tout ce qu&rsquo;elle nous offre avec tant de g\u00e9n\u00e9rosit\u00e9 et d&rsquo;abondance, Susana fut mara\u00eechere en Uruguay, puis dans le Tarn &hellip; <\/p>\n","protected":false},"author":1,"featured_media":0,"parent":0,"menu_order":0,"comment_status":"closed","ping_status":"closed","template":"","meta":{"footnotes":""},"class_list":["post-6","page","type-page","status-publish","hentry"],"_links":{"self":[{"href":"https:\/\/lepermapotager.com\/index.php\/wp-json\/wp\/v2\/pages\/6","targetHints":{"allow":["GET"]}}],"collection":[{"href":"https:\/\/lepermapotager.com\/index.php\/wp-json\/wp\/v2\/pages"}],"about":[{"href":"https:\/\/lepermapotager.com\/index.php\/wp-json\/wp\/v2\/types\/page"}],"author":[{"embeddable":true,"href":"https:\/\/lepermapotager.com\/index.php\/wp-json\/wp\/v2\/users\/1"}],"replies":[{"embeddable":true,"href":"https:\/\/lepermapotager.com\/index.php\/wp-json\/wp\/v2\/comments?post=6"}],"version-history":[{"count":34,"href":"https:\/\/lepermapotager.com\/index.php\/wp-json\/wp\/v2\/pages\/6\/revisions"}],"predecessor-version":[{"id":775,"href":"https:\/\/lepermapotager.com\/index.php\/wp-json\/wp\/v2\/pages\/6\/revisions\/775"}],"wp:attachment":[{"href":"https:\/\/lepermapotager.com\/index.php\/wp-json\/wp\/v2\/media?parent=6"}],"curies":[{"name":"wp","href":"https:\/\/api.w.org\/{rel}","templated":true}]}}